{"id":2889,"date":"2026-04-27T16:20:03","date_gmt":"2026-04-27T14:20:03","guid":{"rendered":"https:\/\/chocoma.com\/fallstudien\/mon-bolcher\/"},"modified":"2026-04-28T15:47:12","modified_gmt":"2026-04-28T13:47:12","slug":"mon-bolcher","status":"publish","type":"page","link":"https:\/\/chocoma.com\/de\/fallstudien\/mon-bolcher\/","title":{"rendered":"M\u00f8n Bolcher"},"content":{"rendered":"\n\t<section class=\"section\" id=\"section_1978416125\">\n\t\t<div class=\"section-bg fill\" >\n\t\t\t\t\t\t\t\t\t<div class=\"section-bg-overlay absolute fill\"><\/div>\n\t\t\t\n\n\t\t<\/div>\n\n\t\t\n\n\t\t<div class=\"section-content relative\">\n\t\t\t\n<div class=\"row row-large align-middle\"  id=\"row-1829912246\">\n\n\t<div id=\"col-144568301\" class=\"col medium-6 small-12 large-6\"  >\n\t\t\t\t<div class=\"col-inner\"  >\n\t\t\t\n\t\t\t\n\t<div class=\"img has-hover x md-x lg-x y md-y lg-y\" id=\"image_139841827\">\n\t\t\t\t\t\t\t\t<div class=\"img-inner dark\" >\n\t\t\t<img loading=\"lazy\" decoding=\"async\" width=\"1020\" height=\"765\" src=\"https:\/\/chocoma.com\/wp-content\/uploads\/2026\/04\/IMG20260316095433-1067x800.jpg\" class=\"attachment-large size-large\" alt=\"M\u00f8n bolcher production\" srcset=\"https:\/\/chocoma.com\/wp-content\/uploads\/2026\/04\/IMG20260316095433-1067x800.jpg 1067w, https:\/\/chocoma.com\/wp-content\/uploads\/2026\/04\/IMG20260316095433-533x400.jpg 533w, https:\/\/chocoma.com\/wp-content\/uploads\/2026\/04\/IMG20260316095433-768x576.jpg 768w, https:\/\/chocoma.com\/wp-content\/uploads\/2026\/04\/IMG20260316095433-1536x1152.jpg 1536w, https:\/\/chocoma.com\/wp-content\/uploads\/2026\/04\/IMG20260316095433-1320x990.jpg 1320w, https:\/\/chocoma.com\/wp-content\/uploads\/2026\/04\/IMG20260316095433.jpg 2000w\" sizes=\"auto, (max-width: 1020px) 100vw, 1020px\" \/>\t\t\t\t\t\t\n\t\t\t\t\t<\/div>\n\t\t\t\t\t\t\t\t\n<style>\n#image_139841827 {\n  width: 100%;\n}\n<\/style>\n\t<\/div>\n\t\n\t\t<\/div>\n\t\t\t\t\t<\/div>\n\n\t\n\n\t<div id=\"col-1313579115\" class=\"col medium-6 small-12 large-6\"  >\n\t\t\t\t<div class=\"col-inner text-left\"  >\n\t\t\t\n\t\t\t\n<h1><b>Die richtige Maschine f\u00fcr die richtige Aufgabe<\/b><\/h1>\n<p><span style=\"font-weight: 400\"><a href=\"https:\/\/moenshop.dk\/\" target=\"_blank\" rel=\"noopener\">M\u00f8n Bolcher<\/a> kochte seine ersten Bonbons 1993 in Stege auf der Insel M\u00f8n und produziert heute gekochte S\u00fc\u00dfwaren, Drag\u00e9es und Schokolade in einer 8.000 m\u00b2 gro\u00dfen Produktionsst\u00e4tte in Nyk\u00f8bing Falster \u2013 mit Exporten in mehrere L\u00e4nder. M\u00f8n Bolcher hat im Laufe der Jahre mehrere Maschinen von Chocoma erworben, und drei H500P-Schmelztanks versorgen heute die Produktionslinie mit geschmolzener Schokolade. <\/span><\/p>\n\t\t<\/div>\n\t\t\t\t\t<\/div>\n\n\t\n<\/div>\n\t\t<\/div>\n\n\t\t\n<style>\n#section_1978416125 {\n  padding-top: 60px;\n  padding-bottom: 60px;\n  background-color: rgb(217, 194, 167);\n}\n#section_1978416125 .section-bg-overlay {\n  background-color: rgba(255, 255, 255, 0.85);\n}\n<\/style>\n\t<\/section>\n\t\n<h2><b>Eine Entscheidung von Menschen, die wissen, was sie tun<\/b><\/h2>\n<p><span style=\"font-weight: 400\">Wenn in Produktionsanlagen investiert wird, zeigt unsere Erfahrung, dass die meisten technischen Entscheidungstr\u00e4ger sorgf\u00e4ltig pr\u00fcfen, welche Maschine die jeweilige Aufgabe am besten l\u00f6st und wie sie sich in die Gesamtlinie einf\u00fcgt. Das gilt sowohl beim Aufbau einer neuen Produktion als auch bei der Erweiterung bestehender Anlagen.<\/p>\n<p>Bei M\u00f8n Bolcher stehen unsere Schmelztanks neben einer Temperiermaschine eines international renommierten Herstellers von Schokoladenanlagen \u2013 einem Anbieter, den man typischerweise bei den gr\u00f6\u00dften Produzenten der Welt findet. Die f\u00fcr die Linienzusammenstellung verantwortliche technische Leitung hat sich daher f\u00fcr unsere H500P beim Schmelzen und f\u00fcr ein anderes Fabrikat beim Temperieren entschieden. Eine bewusste Entscheidung dar\u00fcber, welche Maschine welche Aufgabe in dieser Linie am besten erf\u00fcllt \u2013 kein Kompromiss und keine Budgetl\u00f6sung neben der \u201eeigentlichen\u201c L\u00f6sung.<\/p>\n<p>   <\/span><\/p>\n<h2><b>Eine L\u00f6sung f\u00fcr jede Aufgabe<\/b><\/h2>\n<p><span style=\"font-weight: 400\">Bei Chocoma fertigen wir Schmelztanks, Temperiermaschinen, \u00dcberzugsmaschinen und K\u00fchltunnel selbst \u2013 grunds\u00e4tzlich h\u00e4tten wir also die gesamte Linie liefern k\u00f6nnen. Doch in manchen F\u00e4llen entscheidet sich der Kunde f\u00fcr eine weiterentwickelte, automatisierte L\u00f6sung in einem bestimmten Produktionsschritt, weil die Aufgabe an dieser Stelle es erfordert oder weil das Produktionsvolumen die Investition rechtfertigt. Das respektieren wir voll und ganz \u2013 es ist Teil der industriellen Realit\u00e4t, in der wir arbeiten.<\/p>\n<p>Das Schmelzen stellt bestimmte Anforderungen an die Anlagen, das Temperieren andere, und auch das \u00dcberziehen und K\u00fchlen bringen jeweils ihre eigenen technischen Herausforderungen mit sich. Ein erfahrener Produktionsleiter stellt die Linie daher mit den Maschinen zusammen, die jeden einzelnen Schritt optimal erf\u00fcllen.<br \/>Der H500P ist ein echtes Arbeitstier \u2013 entwickelt, um Schokolade gleichm\u00e4\u00dfig zu schmelzen, sie auf der richtigen Temperatur zu halten und in einem stabilen Fluss weiterzugeben. Und gebaut, um Schicht f\u00fcr Schicht zuverl\u00e4ssig zu laufen, ohne st\u00e4ndige Aufmerksamkeit zu erfordern.    <\/span><\/p>\n<h2><b>Das Fundament f\u00fcr den Rest der Linie<\/b><\/h2>\n<p><span style=\"font-weight: 400\">In einem Produktionsprozess steht das Schmelzen selten im Mittelpunkt. F\u00fcr das Endergebnis sind es das Temperieren und das \u00dcberziehen, die im Fokus stehen. Doch ohne eine stabile Versorgung mit korrekt geschmolzener Schokolade funktioniert der restliche Prozess nicht \u2013 deshalb bilden die Schmelztanks das Zentrum des Produktionsflusses.<\/p>\n<p>Eine Produktionslinie ist nur so zuverl\u00e4ssig wie ihr schw\u00e4chstes Glied.   <\/span><\/p>\n  <div class=\"icon-box testimonial-box icon-box-center text-center\">\n                <div class=\"icon-box-text p-last-0\">\n            \t\t\t\t<div class=\"testimonial-text line-height-small italic test_text first-reset last-reset is-italic\">\n            \n<p><strong><i>\u201eWir haben f\u00fcr die einzelnen Produktionsschritte unterschiedliche Lieferanten gew\u00e4hlt \u2013 je nachdem, was die jeweilige Aufgabe erfordert. Die Gr\u00f6\u00dfe des Lieferanten ist f\u00fcr uns nicht entscheidend. Entscheidend ist, ob die Maschine ihre Aufgabe erf\u00fcllt. Die H500P-Anlagen funktionieren so, wie sie sollen \u2013 genau wie die anderen Chocoma-Maschinen, die wir im Einsatz haben.\u201c<\/i><\/strong><\/p>\n<p>\u2014 Ren\u00e9 Harms, Inhaber, M\u00f8n Bolcher<\/p>\n          <\/div>\n          <div class=\"testimonial-meta pt-half\">\n             <strong class=\"testimonial-name test_name\"><\/strong>\n                          <span class=\"testimonial-company test_company\"><\/span>\n          <\/div>\n        <\/div>\n  <\/div>\n\n  \n","protected":false},"excerpt":{"rendered":"<p>Eine Entscheidung von Menschen, die wissen, was sie tun Wenn in Produktionsanlagen investiert wird, zeigt unsere Erfahrung, dass die meisten technischen Entscheidungstr\u00e4ger sorgf\u00e4ltig pr\u00fcfen, welche Maschine die jeweilige Aufgabe am besten l\u00f6st und wie sie sich in die Gesamtlinie einf\u00fcgt. Das gilt sowohl beim Aufbau einer neuen Produktion als auch bei der Erweiterung bestehender Anlagen. [&#8230;]\n","protected":false},"author":2,"featured_media":0,"parent":2883,"menu_order":0,"comment_status":"closed","ping_status":"closed","template":"","meta":{"footnotes":""},"class_list":["post-2889","page","type-page","status-publish","hentry"],"yoast_head":"<!-- This site is optimized with the Yoast SEO plugin v27.5 - https:\/\/yoast.com\/product\/yoast-seo-wordpress\/ -->\n<title>M\u00f8n Bolcher - Chocoma<\/title>\n<meta name=\"robots\" content=\"index, follow, max-snippet:-1, max-image-preview:large, max-video-preview:-1\" \/>\n<link rel=\"canonical\" href=\"https:\/\/chocoma.com\/de\/fallstudien\/mon-bolcher\/\" \/>\n<meta property=\"og:locale\" content=\"de_DE\" \/>\n<meta property=\"og:type\" content=\"article\" \/>\n<meta property=\"og:title\" content=\"M\u00f8n Bolcher - Chocoma\" \/>\n<meta property=\"og:description\" content=\"Eine Entscheidung von Menschen, die wissen, was sie tun Wenn in Produktionsanlagen investiert wird, zeigt unsere Erfahrung, dass die meisten technischen Entscheidungstr\u00e4ger sorgf\u00e4ltig pr\u00fcfen, welche Maschine die jeweilige Aufgabe am besten l\u00f6st und wie sie sich in die Gesamtlinie einf\u00fcgt. Das gilt sowohl beim Aufbau einer neuen Produktion als auch bei der Erweiterung bestehender Anlagen. [...]\" \/>\n<meta property=\"og:url\" content=\"https:\/\/chocoma.com\/de\/fallstudien\/mon-bolcher\/\" \/>\n<meta property=\"og:site_name\" content=\"Chocoma\" \/>\n<meta property=\"article:modified_time\" content=\"2026-04-28T13:47:12+00:00\" \/>\n<meta name=\"twitter:card\" content=\"summary_large_image\" \/>\n<meta name=\"twitter:label1\" content=\"Gesch\u00e4tzte Lesezeit\" \/>\n\t<meta name=\"twitter:data1\" content=\"3\u00a0Minuten\" \/>\n<script type=\"application\/ld+json\" class=\"yoast-schema-graph\">{\"@context\":\"https:\\\/\\\/schema.org\",\"@graph\":[{\"@type\":\"WebPage\",\"@id\":\"https:\\\/\\\/chocoma.com\\\/de\\\/fallstudien\\\/mon-bolcher\\\/\",\"url\":\"https:\\\/\\\/chocoma.com\\\/de\\\/fallstudien\\\/mon-bolcher\\\/\",\"name\":\"M\u00f8n Bolcher - Chocoma\",\"isPartOf\":{\"@id\":\"https:\\\/\\\/chocoma.com\\\/de\\\/#website\"},\"datePublished\":\"2026-04-27T14:20:03+00:00\",\"dateModified\":\"2026-04-28T13:47:12+00:00\",\"breadcrumb\":{\"@id\":\"https:\\\/\\\/chocoma.com\\\/de\\\/fallstudien\\\/mon-bolcher\\\/#breadcrumb\"},\"inLanguage\":\"de\",\"potentialAction\":[{\"@type\":\"ReadAction\",\"target\":[\"https:\\\/\\\/chocoma.com\\\/de\\\/fallstudien\\\/mon-bolcher\\\/\"]}]},{\"@type\":\"BreadcrumbList\",\"@id\":\"https:\\\/\\\/chocoma.com\\\/de\\\/fallstudien\\\/mon-bolcher\\\/#breadcrumb\",\"itemListElement\":[{\"@type\":\"ListItem\",\"position\":1,\"name\":\"Home\",\"item\":\"https:\\\/\\\/chocoma.com\\\/de\\\/\"},{\"@type\":\"ListItem\",\"position\":2,\"name\":\"Fallstudien\",\"item\":\"https:\\\/\\\/chocoma.com\\\/de\\\/fallstudien\\\/\"},{\"@type\":\"ListItem\",\"position\":3,\"name\":\"M\u00f8n Bolcher\"}]},{\"@type\":\"WebSite\",\"@id\":\"https:\\\/\\\/chocoma.com\\\/de\\\/#website\",\"url\":\"https:\\\/\\\/chocoma.com\\\/de\\\/\",\"name\":\"Chocoma\",\"description\":\"Chocolate machinery\",\"publisher\":{\"@id\":\"https:\\\/\\\/chocoma.com\\\/de\\\/#organization\"},\"potentialAction\":[{\"@type\":\"SearchAction\",\"target\":{\"@type\":\"EntryPoint\",\"urlTemplate\":\"https:\\\/\\\/chocoma.com\\\/de\\\/?s={search_term_string}\"},\"query-input\":{\"@type\":\"PropertyValueSpecification\",\"valueRequired\":true,\"valueName\":\"search_term_string\"}}],\"inLanguage\":\"de\"},{\"@type\":\"Organization\",\"@id\":\"https:\\\/\\\/chocoma.com\\\/de\\\/#organization\",\"name\":\"Chocoma\",\"url\":\"https:\\\/\\\/chocoma.com\\\/de\\\/\",\"logo\":{\"@type\":\"ImageObject\",\"inLanguage\":\"de\",\"@id\":\"https:\\\/\\\/chocoma.com\\\/de\\\/#\\\/schema\\\/logo\\\/image\\\/\",\"url\":\"https:\\\/\\\/chocoma.com\\\/wp-content\\\/uploads\\\/2024\\\/06\\\/footerlogo.png\",\"contentUrl\":\"https:\\\/\\\/chocoma.com\\\/wp-content\\\/uploads\\\/2024\\\/06\\\/footerlogo.png\",\"width\":126,\"height\":29,\"caption\":\"Chocoma\"},\"image\":{\"@id\":\"https:\\\/\\\/chocoma.com\\\/de\\\/#\\\/schema\\\/logo\\\/image\\\/\"}}]}<\/script>\n<!-- \/ Yoast SEO plugin. -->","yoast_head_json":{"title":"M\u00f8n Bolcher - Chocoma","robots":{"index":"index","follow":"follow","max-snippet":"max-snippet:-1","max-image-preview":"max-image-preview:large","max-video-preview":"max-video-preview:-1"},"canonical":"https:\/\/chocoma.com\/de\/fallstudien\/mon-bolcher\/","og_locale":"de_DE","og_type":"article","og_title":"M\u00f8n Bolcher - Chocoma","og_description":"Eine Entscheidung von Menschen, die wissen, was sie tun Wenn in Produktionsanlagen investiert wird, zeigt unsere Erfahrung, dass die meisten technischen Entscheidungstr\u00e4ger sorgf\u00e4ltig pr\u00fcfen, welche Maschine die jeweilige Aufgabe am besten l\u00f6st und wie sie sich in die Gesamtlinie einf\u00fcgt. Das gilt sowohl beim Aufbau einer neuen Produktion als auch bei der Erweiterung bestehender Anlagen. [...]","og_url":"https:\/\/chocoma.com\/de\/fallstudien\/mon-bolcher\/","og_site_name":"Chocoma","article_modified_time":"2026-04-28T13:47:12+00:00","twitter_card":"summary_large_image","twitter_misc":{"Gesch\u00e4tzte Lesezeit":"3\u00a0Minuten"},"schema":{"@context":"https:\/\/schema.org","@graph":[{"@type":"WebPage","@id":"https:\/\/chocoma.com\/de\/fallstudien\/mon-bolcher\/","url":"https:\/\/chocoma.com\/de\/fallstudien\/mon-bolcher\/","name":"M\u00f8n Bolcher - Chocoma","isPartOf":{"@id":"https:\/\/chocoma.com\/de\/#website"},"datePublished":"2026-04-27T14:20:03+00:00","dateModified":"2026-04-28T13:47:12+00:00","breadcrumb":{"@id":"https:\/\/chocoma.com\/de\/fallstudien\/mon-bolcher\/#breadcrumb"},"inLanguage":"de","potentialAction":[{"@type":"ReadAction","target":["https:\/\/chocoma.com\/de\/fallstudien\/mon-bolcher\/"]}]},{"@type":"BreadcrumbList","@id":"https:\/\/chocoma.com\/de\/fallstudien\/mon-bolcher\/#breadcrumb","itemListElement":[{"@type":"ListItem","position":1,"name":"Home","item":"https:\/\/chocoma.com\/de\/"},{"@type":"ListItem","position":2,"name":"Fallstudien","item":"https:\/\/chocoma.com\/de\/fallstudien\/"},{"@type":"ListItem","position":3,"name":"M\u00f8n Bolcher"}]},{"@type":"WebSite","@id":"https:\/\/chocoma.com\/de\/#website","url":"https:\/\/chocoma.com\/de\/","name":"Chocoma","description":"Chocolate machinery","publisher":{"@id":"https:\/\/chocoma.com\/de\/#organization"},"potentialAction":[{"@type":"SearchAction","target":{"@type":"EntryPoint","urlTemplate":"https:\/\/chocoma.com\/de\/?s={search_term_string}"},"query-input":{"@type":"PropertyValueSpecification","valueRequired":true,"valueName":"search_term_string"}}],"inLanguage":"de"},{"@type":"Organization","@id":"https:\/\/chocoma.com\/de\/#organization","name":"Chocoma","url":"https:\/\/chocoma.com\/de\/","logo":{"@type":"ImageObject","inLanguage":"de","@id":"https:\/\/chocoma.com\/de\/#\/schema\/logo\/image\/","url":"https:\/\/chocoma.com\/wp-content\/uploads\/2024\/06\/footerlogo.png","contentUrl":"https:\/\/chocoma.com\/wp-content\/uploads\/2024\/06\/footerlogo.png","width":126,"height":29,"caption":"Chocoma"},"image":{"@id":"https:\/\/chocoma.com\/de\/#\/schema\/logo\/image\/"}}]}},"_links":{"self":[{"href":"https:\/\/chocoma.com\/de\/wp-json\/wp\/v2\/pages\/2889","targetHints":{"allow":["GET"]}}],"collection":[{"href":"https:\/\/chocoma.com\/de\/wp-json\/wp\/v2\/pages"}],"about":[{"href":"https:\/\/chocoma.com\/de\/wp-json\/wp\/v2\/types\/page"}],"author":[{"embeddable":true,"href":"https:\/\/chocoma.com\/de\/wp-json\/wp\/v2\/users\/2"}],"replies":[{"embeddable":true,"href":"https:\/\/chocoma.com\/de\/wp-json\/wp\/v2\/comments?post=2889"}],"version-history":[{"count":5,"href":"https:\/\/chocoma.com\/de\/wp-json\/wp\/v2\/pages\/2889\/revisions"}],"predecessor-version":[{"id":2895,"href":"https:\/\/chocoma.com\/de\/wp-json\/wp\/v2\/pages\/2889\/revisions\/2895"}],"up":[{"embeddable":true,"href":"https:\/\/chocoma.com\/de\/wp-json\/wp\/v2\/pages\/2883"}],"wp:attachment":[{"href":"https:\/\/chocoma.com\/de\/wp-json\/wp\/v2\/media?parent=2889"}],"curies":[{"name":"wp","href":"https:\/\/api.w.org\/{rel}","templated":true}]}}