{"id":2883,"date":"2026-04-24T13:16:15","date_gmt":"2026-04-24T11:16:15","guid":{"rendered":"https:\/\/chocoma.com\/fallstudien\/"},"modified":"2026-04-28T15:51:20","modified_gmt":"2026-04-28T13:51:20","slug":"fallstudien","status":"publish","type":"page","link":"https:\/\/chocoma.com\/de\/fallstudien\/","title":{"rendered":"Fallstudien"},"content":{"rendered":"\n\t<section class=\"section\" id=\"section_1909478687\">\n\t\t<div class=\"section-bg fill\" >\n\t\t\t\t\t\t\t\t\t\n\t\t\t\n\n\t\t<\/div>\n\n\t\t\n\n\t\t<div class=\"section-content relative\">\n\t\t\t\n<h1>Fallstudien<\/h1>\n<p>Die Wahl des richtigen Maschinenpartners kann entscheidend f\u00fcr Ihr Unternehmen sein. Hier teilen unsere Kunden ihre Erfahrungen \u2013 wie sie ihre Produktionsherausforderungen gel\u00f6st haben, wie sie skaliert haben und warum sie sich immer wieder f\u00fcr Chocoma entscheiden. <\/p>\n<div class=\"row\"  id=\"row-367979619\">\n\n\t<div id=\"col-378702339\" class=\"col medium-6 small-12 large-6\"  >\n\t\t\t\t<div class=\"col-inner\"  >\n\t\t\t\n\t\t\t\n\n  <div class=\"banner has-hover\" id=\"banner-1336278294\">\n          <div class=\"banner-inner fill\">\n        <div class=\"banner-bg fill\" >\n                                                \n                    <\/div>\n\t\t\n        <div class=\"banner-layers container\">\n            <a class=\"fill\" href=\"https:\/\/chocoma.com\/de\/fallstudien\/okoladen\/\"><div class=\"fill banner-link\"><\/div><\/a>            \n   <div id=\"text-box-253826938\" class=\"text-box banner-layer x50 md-x50 lg-x50 y50 md-y50 lg-y50 res-text\">\n                                <div class=\"text-box-content text dark\">\n              \n              <div class=\"text-inner text-center\">\n                  \n\t<div id=\"text-2040805906\" class=\"text\">\n\t\t\n<h2 class=\"uppercase\"><a href=\"https:\/\/chocoma.com\/de\/fallstudien\/okoladen\/\"><strong>\u00d8koladen<\/strong><\/a><\/h2>\n<p>Warum auf Unerprobtes setzen, wenn Bew\u00e4hrtes seit drei Jahrzehnten zuverl\u00e4ssig arbeitet? \u00d8koladen erweitert seine Produktion mit einer weiteren Maschine von Chocoma. <\/p>\n\t\t\n<style>\n#text-2040805906 {\n  font-size: 1rem;\n  color: rgb(0,0,0);\n}\n#text-2040805906 > * {\n  color: rgb(0,0,0);\n}\n<\/style>\n\t<\/div>\n\t\n\t<div class=\"img has-hover x md-x lg-x y md-y lg-y\" id=\"image_524113279\">\n\t\t<a class=\"\" href=\"https:\/\/chocoma.com\/de\/fallstudien\/okoladen\/\" >\t\t\t\t\t\t<div class=\"img-inner dark\" >\n\t\t\t<img loading=\"lazy\" decoding=\"async\" width=\"270\" height=\"148\" src=\"https:\/\/chocoma.com\/wp-content\/uploads\/2026\/04\/Design-uden-navn-1.png\" class=\"attachment-large size-large\" alt=\"\u00d8koladen logo\" \/>\t\t\t\t\t\t\n\t\t\t\t\t<\/div>\n\t\t\t\t\t\t<\/a>\t\t\n<style>\n#image_524113279 {\n  width: 100%;\n}\n<\/style>\n\t<\/div>\n\t\n\t<div class=\"img has-hover x md-x lg-x y md-y lg-y\" id=\"image_997010084\">\n\t\t\t\t\t\t\t\t<div class=\"img-inner dark\" >\n\t\t\t\t\t\t\t\t\t\n\t\t\t\t\t<\/div>\n\t\t\t\t\t\t\t\t\n<style>\n#image_997010084 {\n  width: 100%;\n}\n<\/style>\n\t<\/div>\n\t\n              <\/div>\n           <\/div>\n                            \n<style>\n#text-box-253826938 {\n  width: 60%;\n}\n#text-box-253826938 .text-box-content {\n  font-size: 100%;\n}\n<\/style>\n    <\/div>\n \n        <\/div>\n      <\/div>\n\n            \n<style>\n#banner-1336278294 {\n  padding-top: 500px;\n}\n<\/style>\n  <\/div>\n\n\n\t\t<\/div>\n\t\t\t\t\t<\/div>\n\n\t\n\n\t<div id=\"col-459784749\" class=\"col medium-6 small-12 large-6\"  >\n\t\t\t\t<div class=\"col-inner\"  >\n\t\t\t\n\t\t\t\n\n  <div class=\"banner has-hover\" id=\"banner-257257656\">\n          <div class=\"banner-inner fill\">\n        <div class=\"banner-bg fill\" >\n                                                \n                    <\/div>\n\t\t\n        <div class=\"banner-layers container\">\n            <a class=\"fill\" href=\"https:\/\/chocoma.com\/de\/fallstudien\/mon-bolcher\/\"><div class=\"fill banner-link\"><\/div><\/a>            \n   <div id=\"text-box-232342951\" class=\"text-box banner-layer x50 md-x50 lg-x50 y50 md-y50 lg-y50 res-text\">\n                                <div class=\"text-box-content text dark\">\n              \n              <div class=\"text-inner text-center\">\n                  \n\t<div id=\"text-2620603614\" class=\"text\">\n\t\t\n<h2 class=\"uppercase\"><a href=\"https:\/\/chocoma.com\/de\/fallstudien\/mon-bolcher\/\"><b>M\u00f8n bolcher<\/b><\/a><\/h2>\n<p>Warum einen einzigen Lieferanten f\u00fcr die gesamte Linie w\u00e4hlen, wenn jede Produktionsstufe ihre eigenen technischen Anforderungen hat? M\u00f8n Bolcher hat sich mit den Schmelztanks H500P von Chocoma f\u00fcr eine solide Grundlage ihrer Produktion entschieden. <\/p>\n\t\t\n<style>\n#text-2620603614 {\n  font-size: 1rem;\n  color: rgb(0,0,0);\n}\n#text-2620603614 > * {\n  color: rgb(0,0,0);\n}\n<\/style>\n\t<\/div>\n\t\n\t<div class=\"img has-hover x md-x lg-x y md-y lg-y\" id=\"image_237992118\">\n\t\t<a class=\"\" href=\"https:\/\/chocoma.com\/de\/fallstudien\/mon-bolcher\/\" >\t\t\t\t\t\t<div class=\"img-inner dark\" >\n\t\t\t<img loading=\"lazy\" decoding=\"async\" width=\"225\" height=\"225\" src=\"https:\/\/chocoma.com\/wp-content\/uploads\/2026\/04\/images.png\" class=\"attachment-medium size-medium\" alt=\"M\u00f8n Bolcher logo\" \/>\t\t\t\t\t\t\n\t\t\t\t\t<\/div>\n\t\t\t\t\t\t<\/a>\t\t\n<style>\n#image_237992118 {\n  width: 47%;\n}\n<\/style>\n\t<\/div>\n\t\n\t<div class=\"img has-hover x md-x lg-x y md-y lg-y\" id=\"image_809457107\">\n\t\t\t\t\t\t\t\t<div class=\"img-inner dark\" >\n\t\t\t\t\t\t\t\t\t\n\t\t\t\t\t<\/div>\n\t\t\t\t\t\t\t\t\n<style>\n#image_809457107 {\n  width: 100%;\n}\n<\/style>\n\t<\/div>\n\t\n              <\/div>\n           <\/div>\n                            \n<style>\n#text-box-232342951 {\n  width: 60%;\n}\n#text-box-232342951 .text-box-content {\n  font-size: 100%;\n}\n<\/style>\n    <\/div>\n \n        <\/div>\n      <\/div>\n\n            \n<style>\n#banner-257257656 {\n  padding-top: 500px;\n}\n<\/style>\n  <\/div>\n\n\n\t\t<\/div>\n\t\t\t\t\t<\/div>\n\n\t\n<\/div>\n\t\t<\/div>\n\n\t\t\n<style>\n#section_1909478687 {\n  padding-top: 30px;\n  padding-bottom: 30px;\n}\n<\/style>\n\t<\/section>\n\t\n","protected":false},"excerpt":{"rendered":"","protected":false},"author":2,"featured_media":0,"parent":0,"menu_order":0,"comment_status":"closed","ping_status":"closed","template":"","meta":{"footnotes":""},"class_list":["post-2883","page","type-page","status-publish","hentry"],"yoast_head":"<!-- This site is optimized with the Yoast SEO plugin v27.5 - https:\/\/yoast.com\/product\/yoast-seo-wordpress\/ -->\n<title>Fallstudien - Chocoma<\/title>\n<meta name=\"robots\" content=\"index, follow, max-snippet:-1, max-image-preview:large, max-video-preview:-1\" \/>\n<link rel=\"canonical\" href=\"https:\/\/chocoma.com\/de\/fallstudien\/\" \/>\n<meta property=\"og:locale\" content=\"de_DE\" \/>\n<meta property=\"og:type\" content=\"article\" \/>\n<meta property=\"og:title\" content=\"Fallstudien - Chocoma\" \/>\n<meta property=\"og:url\" content=\"https:\/\/chocoma.com\/de\/fallstudien\/\" \/>\n<meta property=\"og:site_name\" content=\"Chocoma\" \/>\n<meta property=\"article:modified_time\" content=\"2026-04-28T13:51:20+00:00\" \/>\n<meta name=\"twitter:card\" content=\"summary_large_image\" \/>\n<meta name=\"twitter:label1\" content=\"Gesch\u00e4tzte Lesezeit\" \/>\n\t<meta name=\"twitter:data1\" content=\"1\u00a0Minute\" \/>\n<script type=\"application\/ld+json\" class=\"yoast-schema-graph\">{\"@context\":\"https:\\\/\\\/schema.org\",\"@graph\":[{\"@type\":\"WebPage\",\"@id\":\"https:\\\/\\\/chocoma.com\\\/de\\\/fallstudien\\\/\",\"url\":\"https:\\\/\\\/chocoma.com\\\/de\\\/fallstudien\\\/\",\"name\":\"Fallstudien - Chocoma\",\"isPartOf\":{\"@id\":\"https:\\\/\\\/chocoma.com\\\/de\\\/#website\"},\"datePublished\":\"2026-04-24T11:16:15+00:00\",\"dateModified\":\"2026-04-28T13:51:20+00:00\",\"breadcrumb\":{\"@id\":\"https:\\\/\\\/chocoma.com\\\/de\\\/fallstudien\\\/#breadcrumb\"},\"inLanguage\":\"de\",\"potentialAction\":[{\"@type\":\"ReadAction\",\"target\":[\"https:\\\/\\\/chocoma.com\\\/de\\\/fallstudien\\\/\"]}]},{\"@type\":\"BreadcrumbList\",\"@id\":\"https:\\\/\\\/chocoma.com\\\/de\\\/fallstudien\\\/#breadcrumb\",\"itemListElement\":[{\"@type\":\"ListItem\",\"position\":1,\"name\":\"Home\",\"item\":\"https:\\\/\\\/chocoma.com\\\/de\\\/\"},{\"@type\":\"ListItem\",\"position\":2,\"name\":\"Fallstudien\"}]},{\"@type\":\"WebSite\",\"@id\":\"https:\\\/\\\/chocoma.com\\\/de\\\/#website\",\"url\":\"https:\\\/\\\/chocoma.com\\\/de\\\/\",\"name\":\"Chocoma\",\"description\":\"Chocolate machinery\",\"publisher\":{\"@id\":\"https:\\\/\\\/chocoma.com\\\/de\\\/#organization\"},\"potentialAction\":[{\"@type\":\"SearchAction\",\"target\":{\"@type\":\"EntryPoint\",\"urlTemplate\":\"https:\\\/\\\/chocoma.com\\\/de\\\/?s={search_term_string}\"},\"query-input\":{\"@type\":\"PropertyValueSpecification\",\"valueRequired\":true,\"valueName\":\"search_term_string\"}}],\"inLanguage\":\"de\"},{\"@type\":\"Organization\",\"@id\":\"https:\\\/\\\/chocoma.com\\\/de\\\/#organization\",\"name\":\"Chocoma\",\"url\":\"https:\\\/\\\/chocoma.com\\\/de\\\/\",\"logo\":{\"@type\":\"ImageObject\",\"inLanguage\":\"de\",\"@id\":\"https:\\\/\\\/chocoma.com\\\/de\\\/#\\\/schema\\\/logo\\\/image\\\/\",\"url\":\"https:\\\/\\\/chocoma.com\\\/wp-content\\\/uploads\\\/2024\\\/06\\\/footerlogo.png\",\"contentUrl\":\"https:\\\/\\\/chocoma.com\\\/wp-content\\\/uploads\\\/2024\\\/06\\\/footerlogo.png\",\"width\":126,\"height\":29,\"caption\":\"Chocoma\"},\"image\":{\"@id\":\"https:\\\/\\\/chocoma.com\\\/de\\\/#\\\/schema\\\/logo\\\/image\\\/\"}}]}<\/script>\n<!-- \/ Yoast SEO plugin. -->","yoast_head_json":{"title":"Fallstudien - Chocoma","robots":{"index":"index","follow":"follow","max-snippet":"max-snippet:-1","max-image-preview":"max-image-preview:large","max-video-preview":"max-video-preview:-1"},"canonical":"https:\/\/chocoma.com\/de\/fallstudien\/","og_locale":"de_DE","og_type":"article","og_title":"Fallstudien - Chocoma","og_url":"https:\/\/chocoma.com\/de\/fallstudien\/","og_site_name":"Chocoma","article_modified_time":"2026-04-28T13:51:20+00:00","twitter_card":"summary_large_image","twitter_misc":{"Gesch\u00e4tzte Lesezeit":"1\u00a0Minute"},"schema":{"@context":"https:\/\/schema.org","@graph":[{"@type":"WebPage","@id":"https:\/\/chocoma.com\/de\/fallstudien\/","url":"https:\/\/chocoma.com\/de\/fallstudien\/","name":"Fallstudien - Chocoma","isPartOf":{"@id":"https:\/\/chocoma.com\/de\/#website"},"datePublished":"2026-04-24T11:16:15+00:00","dateModified":"2026-04-28T13:51:20+00:00","breadcrumb":{"@id":"https:\/\/chocoma.com\/de\/fallstudien\/#breadcrumb"},"inLanguage":"de","potentialAction":[{"@type":"ReadAction","target":["https:\/\/chocoma.com\/de\/fallstudien\/"]}]},{"@type":"BreadcrumbList","@id":"https:\/\/chocoma.com\/de\/fallstudien\/#breadcrumb","itemListElement":[{"@type":"ListItem","position":1,"name":"Home","item":"https:\/\/chocoma.com\/de\/"},{"@type":"ListItem","position":2,"name":"Fallstudien"}]},{"@type":"WebSite","@id":"https:\/\/chocoma.com\/de\/#website","url":"https:\/\/chocoma.com\/de\/","name":"Chocoma","description":"Chocolate machinery","publisher":{"@id":"https:\/\/chocoma.com\/de\/#organization"},"potentialAction":[{"@type":"SearchAction","target":{"@type":"EntryPoint","urlTemplate":"https:\/\/chocoma.com\/de\/?s={search_term_string}"},"query-input":{"@type":"PropertyValueSpecification","valueRequired":true,"valueName":"search_term_string"}}],"inLanguage":"de"},{"@type":"Organization","@id":"https:\/\/chocoma.com\/de\/#organization","name":"Chocoma","url":"https:\/\/chocoma.com\/de\/","logo":{"@type":"ImageObject","inLanguage":"de","@id":"https:\/\/chocoma.com\/de\/#\/schema\/logo\/image\/","url":"https:\/\/chocoma.com\/wp-content\/uploads\/2024\/06\/footerlogo.png","contentUrl":"https:\/\/chocoma.com\/wp-content\/uploads\/2024\/06\/footerlogo.png","width":126,"height":29,"caption":"Chocoma"},"image":{"@id":"https:\/\/chocoma.com\/de\/#\/schema\/logo\/image\/"}}]}},"_links":{"self":[{"href":"https:\/\/chocoma.com\/de\/wp-json\/wp\/v2\/pages\/2883","targetHints":{"allow":["GET"]}}],"collection":[{"href":"https:\/\/chocoma.com\/de\/wp-json\/wp\/v2\/pages"}],"about":[{"href":"https:\/\/chocoma.com\/de\/wp-json\/wp\/v2\/types\/page"}],"author":[{"embeddable":true,"href":"https:\/\/chocoma.com\/de\/wp-json\/wp\/v2\/users\/2"}],"replies":[{"embeddable":true,"href":"https:\/\/chocoma.com\/de\/wp-json\/wp\/v2\/comments?post=2883"}],"version-history":[{"count":7,"href":"https:\/\/chocoma.com\/de\/wp-json\/wp\/v2\/pages\/2883\/revisions"}],"predecessor-version":[{"id":2904,"href":"https:\/\/chocoma.com\/de\/wp-json\/wp\/v2\/pages\/2883\/revisions\/2904"}],"wp:attachment":[{"href":"https:\/\/chocoma.com\/de\/wp-json\/wp\/v2\/media?parent=2883"}],"curies":[{"name":"wp","href":"https:\/\/api.w.org\/{rel}","templated":true}]}}